{"id":7464,"date":"2024-09-09T18:33:28","date_gmt":"2024-09-09T16:33:28","guid":{"rendered":"https:\/\/www.mecgroup.ly\/product\/%d8%a8%d8%a7%d9%85%d8%a8%d9%8a-%d8%b5%d8%ba%d9%8a%d8%b1-t2\/"},"modified":"2024-09-10T17:07:22","modified_gmt":"2024-09-10T15:07:22","slug":"petit-pumpy-t2","status":"publish","type":"product","link":"https:\/\/www.mecgroup.ly\/fr\/product\/petit-pumpy-t2\/","title":{"rendered":"Petit Pumpy (T2)"},"content":{"rendered":"","protected":false},"excerpt":{"rendered":"<p><img decoding=\"async\" class=\"alignnone wp-image-6840\" src=\"https:\/\/www.mecgroup.ly\/wp-content\/uploads\/2024\/09\/pumpy2.png\" alt=\"logo pumpy\" width=\"150\" height=\"100\" \/><\/p>\n<p>3 \u00e0 6 kg<br \/>\nNombre de pi\u00e8ces par paquet : 40<br \/>\nFabriqu\u00e9es avec des mat\u00e9riaux tri\u00e9s sur le volet par des experts de l&#8217;industrie, les couches Beast Baby sont dot\u00e9es d&#8217;une formule haute performance qui offre une douceur sup\u00e9rieure \u00e0 la peau de tous les b\u00e9b\u00e9s.<\/p>\n","protected":false},"featured_media":6901,"comment_status":"closed","ping_status":"closed","template":"","meta":[],"product_cat":[136],"product_tag":[],"class_list":{"0":"post-7464","1":"product","2":"type-product","3":"status-publish","4":"has-post-thumbnail","6":"product_cat-pumpy-fr","9":"instock","10":"shipping-taxable","11":"product-type-simple"},"yoast_head":"<!-- This site is optimized with the Yoast SEO plugin v23.6 - https:\/\/yoast.com\/wordpress\/plugins\/seo\/ -->\n<title>Petit Pumpy (T2) | MEC Group<\/title>\n<meta name=\"description\" content=\"3 \u00e0 6 kg Nombre de pi\u00e8ces par paquet : 40 Fabriqu\u00e9es avec des mat\u00e9riaux tri\u00e9s sur le volet par des experts de l&#039;industrie, les couches Beast Baby sont dot\u00e9es d&#039;une formule haute performance qui offre une douceur sup\u00e9rieure \u00e0 la peau de tous les b\u00e9b\u00e9s.\" \/>\n<meta name=\"robots\" content=\"index, follow, max-snippet:-1, max-image-preview:large, max-video-preview:-1\" \/>\n<link rel=\"canonical\" href=\"https:\/\/www.mecgroup.ly\/fr\/product\/petit-pumpy-t2\/\" \/>\n<meta property=\"og:locale\" content=\"fr_FR\" \/>\n<meta property=\"og:type\" content=\"article\" \/>\n<meta property=\"og:title\" content=\"Petit Pumpy (T2) | MEC Group\" \/>\n<meta property=\"og:description\" content=\"3 \u00e0 6 kg Nombre de pi\u00e8ces par paquet : 40 Fabriqu\u00e9es avec des mat\u00e9riaux tri\u00e9s sur le volet par des experts de l&#039;industrie, les couches Beast Baby sont dot\u00e9es d&#039;une formule haute performance qui offre une douceur sup\u00e9rieure \u00e0 la peau de tous les b\u00e9b\u00e9s.\" \/>\n<meta property=\"og:url\" content=\"https:\/\/www.mecgroup.ly\/fr\/product\/petit-pumpy-t2\/\" \/>\n<meta property=\"og:site_name\" content=\"MEC Group\" \/>\n<meta property=\"article:modified_time\" content=\"2024-09-10T15:07:22+00:00\" \/>\n<meta property=\"og:image\" content=\"https:\/\/www.mecgroup.ly\/wp-content\/uploads\/2024\/09\/BSP79.jpg\" \/>\n\t<meta property=\"og:image:width\" content=\"800\" \/>\n\t<meta property=\"og:image:height\" content=\"800\" \/>\n\t<meta property=\"og:image:type\" content=\"image\/jpeg\" \/>\n<meta name=\"twitter:card\" content=\"summary_large_image\" \/>\n<script type=\"application\/ld+json\" class=\"yoast-schema-graph\">{\"@context\":\"https:\/\/schema.org\",\"@graph\":[{\"@type\":\"WebPage\",\"@id\":\"https:\/\/www.mecgroup.ly\/fr\/product\/petit-pumpy-t2\/\",\"url\":\"https:\/\/www.mecgroup.ly\/fr\/product\/petit-pumpy-t2\/\",\"name\":\"Petit Pumpy (T2) | MEC Group\",\"isPartOf\":{\"@id\":\"https:\/\/www.mecgroup.ly\/#website\"},\"primaryImageOfPage\":{\"@id\":\"https:\/\/www.mecgroup.ly\/fr\/product\/petit-pumpy-t2\/#primaryimage\"},\"image\":{\"@id\":\"https:\/\/www.mecgroup.ly\/fr\/product\/petit-pumpy-t2\/#primaryimage\"},\"thumbnailUrl\":\"https:\/\/www.mecgroup.ly\/wp-content\/uploads\/2024\/09\/BSP79.jpg\",\"datePublished\":\"2024-09-09T16:33:28+00:00\",\"dateModified\":\"2024-09-10T15:07:22+00:00\",\"description\":\"3 \u00e0 6 kg Nombre de pi\u00e8ces par paquet : 40 Fabriqu\u00e9es avec des mat\u00e9riaux tri\u00e9s sur le volet par des experts de l'industrie, les couches Beast Baby sont dot\u00e9es d'une formule haute performance qui offre une douceur sup\u00e9rieure \u00e0 la peau de tous les b\u00e9b\u00e9s.\",\"breadcrumb\":{\"@id\":\"https:\/\/www.mecgroup.ly\/fr\/product\/petit-pumpy-t2\/#breadcrumb\"},\"inLanguage\":\"fr-FR\",\"potentialAction\":[{\"@type\":\"ReadAction\",\"target\":[\"https:\/\/www.mecgroup.ly\/fr\/product\/petit-pumpy-t2\/\"]}]},{\"@type\":\"ImageObject\",\"inLanguage\":\"fr-FR\",\"@id\":\"https:\/\/www.mecgroup.ly\/fr\/product\/petit-pumpy-t2\/#primaryimage\",\"url\":\"https:\/\/www.mecgroup.ly\/wp-content\/uploads\/2024\/09\/BSP79.jpg\",\"contentUrl\":\"https:\/\/www.mecgroup.ly\/wp-content\/uploads\/2024\/09\/BSP79.jpg\",\"width\":800,\"height\":800},{\"@type\":\"BreadcrumbList\",\"@id\":\"https:\/\/www.mecgroup.ly\/fr\/product\/petit-pumpy-t2\/#breadcrumb\",\"itemListElement\":[{\"@type\":\"ListItem\",\"position\":1,\"name\":\"Accueil\",\"item\":\"https:\/\/www.mecgroup.ly\/fr\/\"},{\"@type\":\"ListItem\",\"position\":2,\"name\":\"Nos Produits\",\"item\":\"https:\/\/www.mecgroup.ly\/fr\/shop\/\"},{\"@type\":\"ListItem\",\"position\":3,\"name\":\"Petit Pumpy (T2)\"}]},{\"@type\":\"WebSite\",\"@id\":\"https:\/\/www.mecgroup.ly\/#website\",\"url\":\"https:\/\/www.mecgroup.ly\/\",\"name\":\"MEC Group\",\"description\":\"\u0627\u0633\u062a\u064a\u0631\u0627\u062f \u0645\u0648\u0627\u062f \u0627\u0644\u062a\u0646\u0638\u064a\u0641 \u0641\u064a \u0644\u064a\u0628\u064a\u0627\",\"potentialAction\":[{\"@type\":\"SearchAction\",\"target\":{\"@type\":\"EntryPoint\",\"urlTemplate\":\"https:\/\/www.mecgroup.ly\/?s={search_term_string}\"},\"query-input\":{\"@type\":\"PropertyValueSpecification\",\"valueRequired\":true,\"valueName\":\"search_term_string\"}}],\"inLanguage\":\"fr-FR\"}]}<\/script>\n<!-- \/ Yoast SEO plugin. -->","yoast_head_json":{"title":"Petit Pumpy (T2) | MEC Group","description":"3 \u00e0 6 kg Nombre de pi\u00e8ces par paquet : 40 Fabriqu\u00e9es avec des mat\u00e9riaux tri\u00e9s sur le volet par des experts de l'industrie, les couches Beast Baby sont dot\u00e9es d'une formule haute performance qui offre une douceur sup\u00e9rieure \u00e0 la peau de tous les b\u00e9b\u00e9s.","robots":{"index":"index","follow":"follow","max-snippet":"max-snippet:-1","max-image-preview":"max-image-preview:large","max-video-preview":"max-video-preview:-1"},"canonical":"https:\/\/www.mecgroup.ly\/fr\/product\/petit-pumpy-t2\/","og_locale":"fr_FR","og_type":"article","og_title":"Petit Pumpy (T2) | MEC Group","og_description":"3 \u00e0 6 kg Nombre de pi\u00e8ces par paquet : 40 Fabriqu\u00e9es avec des mat\u00e9riaux tri\u00e9s sur le volet par des experts de l'industrie, les couches Beast Baby sont dot\u00e9es d'une formule haute performance qui offre une douceur sup\u00e9rieure \u00e0 la peau de tous les b\u00e9b\u00e9s.","og_url":"https:\/\/www.mecgroup.ly\/fr\/product\/petit-pumpy-t2\/","og_site_name":"MEC Group","article_modified_time":"2024-09-10T15:07:22+00:00","og_image":[{"width":800,"height":800,"url":"https:\/\/www.mecgroup.ly\/wp-content\/uploads\/2024\/09\/BSP79.jpg","type":"image\/jpeg"}],"twitter_card":"summary_large_image","schema":{"@context":"https:\/\/schema.org","@graph":[{"@type":"WebPage","@id":"https:\/\/www.mecgroup.ly\/fr\/product\/petit-pumpy-t2\/","url":"https:\/\/www.mecgroup.ly\/fr\/product\/petit-pumpy-t2\/","name":"Petit Pumpy (T2) | MEC Group","isPartOf":{"@id":"https:\/\/www.mecgroup.ly\/#website"},"primaryImageOfPage":{"@id":"https:\/\/www.mecgroup.ly\/fr\/product\/petit-pumpy-t2\/#primaryimage"},"image":{"@id":"https:\/\/www.mecgroup.ly\/fr\/product\/petit-pumpy-t2\/#primaryimage"},"thumbnailUrl":"https:\/\/www.mecgroup.ly\/wp-content\/uploads\/2024\/09\/BSP79.jpg","datePublished":"2024-09-09T16:33:28+00:00","dateModified":"2024-09-10T15:07:22+00:00","description":"3 \u00e0 6 kg Nombre de pi\u00e8ces par paquet : 40 Fabriqu\u00e9es avec des mat\u00e9riaux tri\u00e9s sur le volet par des experts de l'industrie, les couches Beast Baby sont dot\u00e9es d'une formule haute performance qui offre une douceur sup\u00e9rieure \u00e0 la peau de tous les b\u00e9b\u00e9s.","breadcrumb":{"@id":"https:\/\/www.mecgroup.ly\/fr\/product\/petit-pumpy-t2\/#breadcrumb"},"inLanguage":"fr-FR","potentialAction":[{"@type":"ReadAction","target":["https:\/\/www.mecgroup.ly\/fr\/product\/petit-pumpy-t2\/"]}]},{"@type":"ImageObject","inLanguage":"fr-FR","@id":"https:\/\/www.mecgroup.ly\/fr\/product\/petit-pumpy-t2\/#primaryimage","url":"https:\/\/www.mecgroup.ly\/wp-content\/uploads\/2024\/09\/BSP79.jpg","contentUrl":"https:\/\/www.mecgroup.ly\/wp-content\/uploads\/2024\/09\/BSP79.jpg","width":800,"height":800},{"@type":"BreadcrumbList","@id":"https:\/\/www.mecgroup.ly\/fr\/product\/petit-pumpy-t2\/#breadcrumb","itemListElement":[{"@type":"ListItem","position":1,"name":"Accueil","item":"https:\/\/www.mecgroup.ly\/fr\/"},{"@type":"ListItem","position":2,"name":"Nos Produits","item":"https:\/\/www.mecgroup.ly\/fr\/shop\/"},{"@type":"ListItem","position":3,"name":"Petit Pumpy (T2)"}]},{"@type":"WebSite","@id":"https:\/\/www.mecgroup.ly\/#website","url":"https:\/\/www.mecgroup.ly\/","name":"MEC Group","description":"\u0627\u0633\u062a\u064a\u0631\u0627\u062f \u0645\u0648\u0627\u062f \u0627\u0644\u062a\u0646\u0638\u064a\u0641 \u0641\u064a \u0644\u064a\u0628\u064a\u0627","potentialAction":[{"@type":"SearchAction","target":{"@type":"EntryPoint","urlTemplate":"https:\/\/www.mecgroup.ly\/?s={search_term_string}"},"query-input":{"@type":"PropertyValueSpecification","valueRequired":true,"valueName":"search_term_string"}}],"inLanguage":"fr-FR"}]}},"_links":{"self":[{"href":"https:\/\/www.mecgroup.ly\/fr\/wp-json\/wp\/v2\/product\/7464","targetHints":{"allow":["GET"]}}],"collection":[{"href":"https:\/\/www.mecgroup.ly\/fr\/wp-json\/wp\/v2\/product"}],"about":[{"href":"https:\/\/www.mecgroup.ly\/fr\/wp-json\/wp\/v2\/types\/product"}],"replies":[{"embeddable":true,"href":"https:\/\/www.mecgroup.ly\/fr\/wp-json\/wp\/v2\/comments?post=7464"}],"version-history":[{"count":2,"href":"https:\/\/www.mecgroup.ly\/fr\/wp-json\/wp\/v2\/product\/7464\/revisions"}],"predecessor-version":[{"id":7466,"href":"https:\/\/www.mecgroup.ly\/fr\/wp-json\/wp\/v2\/product\/7464\/revisions\/7466"}],"wp:featuredmedia":[{"embeddable":true,"href":"https:\/\/www.mecgroup.ly\/fr\/wp-json\/wp\/v2\/media\/6901"}],"wp:attachment":[{"href":"https:\/\/www.mecgroup.ly\/fr\/wp-json\/wp\/v2\/media?parent=7464"}],"wp:term":[{"taxonomy":"product_cat","embeddable":true,"href":"https:\/\/www.mecgroup.ly\/fr\/wp-json\/wp\/v2\/product_cat?post=7464"},{"taxonomy":"product_tag","embeddable":true,"href":"https:\/\/www.mecgroup.ly\/fr\/wp-json\/wp\/v2\/product_tag?post=7464"}],"curies":[{"name":"wp","href":"https:\/\/api.w.org\/{rel}","templated":true}]}}