{"id":7833,"date":"2024-09-10T12:30:23","date_gmt":"2024-09-10T10:30:23","guid":{"rendered":"https:\/\/www.mecgroup.ly\/pumpy\/"},"modified":"2024-10-07T19:08:06","modified_gmt":"2024-10-07T17:08:06","slug":"pumpy","status":"publish","type":"page","link":"https:\/\/www.mecgroup.ly\/fr\/pumpy\/","title":{"rendered":"Pumpy"},"content":{"rendered":"\t\t<div data-elementor-type=\"wp-page\" data-elementor-id=\"7833\" class=\"elementor elementor-7833\">\n\t\t\t\t<div class=\"elementor-element elementor-element-c01847b e-flex e-con-boxed e-con e-parent\" data-id=\"c01847b\" data-element_type=\"container\">\n\t\t\t\t\t<div class=\"e-con-inner\">\n\t\t\t\t<div class=\"elementor-element elementor-element-52896fe elementor-product-v1 elementor-widget elementor-widget-tbay-products\" data-id=\"52896fe\" data-element_type=\"widget\" data-widget_type=\"tbay-products.default\">\n\t\t\t\t<div class=\"elementor-widget-container\">\n\t\t\t\r\n<div class=\"tbay-element tbay-element-products\">\r\n\r\n    \r\n    <div class=\"products row grid products\" data-xlgdesktop=\"4\" data-desktop=\"4\" data-desktopsmall=\"2\" data-tablet=\"3\" data-landscape=\"2\" data-mobile=\"2\">\r\n\r\n    \r\n        <div class=\"item\">\r\n\t\t\t<div class=\"products-grid product type-product post-7550 status-publish first instock has-post-thumbnail shipping-taxable product-type-simple\">\r\n\t\t\t<div class=\"product-block grid product v1\" data-product-id=\"7550\">\r\n\t\t<div class=\"product-content\">\r\n\t\t\r\n\t\t<div class=\"block-inner\">\r\n\t\t\t<figure class=\"image \">\r\n\t\t\t\t<a title=\"Pumpy Large (T4)\" href=\"https:\/\/www.mecgroup.ly\/fr\/product\/pumpy-large-t4\/\" class=\"product-image\">\r\n\t\t\t\t\t<img fetchpriority=\"high\" decoding=\"async\" width=\"406\" height=\"406\" src=\"https:\/\/www.mecgroup.ly\/wp-content\/uploads\/2024\/09\/BSP76-406x406.jpg\" class=\"image-no-effect\" alt=\"\" \/>\t\t\t\t<\/a>\r\n\t\t\t\t\r\n\t\t\t\t\t\t\t\r\n\t\t\t\t\t\t<\/figure>\r\n\t\t\t<div class=\"group-buttons\">\t\r\n\t\t\t\t<div class=\"button-wishlist \" title=\"Wishlist\">\n<div\n\tclass=\"yith-wcwl-add-to-wishlist add-to-wishlist-7550  wishlist-fragment on-first-load\"\n\tdata-fragment-ref=\"7550\"\n\tdata-fragment-options=\"{&quot;base_url&quot;:&quot;&quot;,&quot;in_default_wishlist&quot;:false,&quot;is_single&quot;:false,&quot;show_exists&quot;:false,&quot;product_id&quot;:7550,&quot;parent_product_id&quot;:7550,&quot;product_type&quot;:&quot;simple&quot;,&quot;show_view&quot;:false,&quot;browse_wishlist_text&quot;:&quot;View Wishlist&quot;,&quot;already_in_wishslist_text&quot;:&quot;&quot;,&quot;product_added_text&quot;:&quot;&quot;,&quot;heading_icon&quot;:&quot;custom&quot;,&quot;available_multi_wishlist&quot;:false,&quot;disable_wishlist&quot;:false,&quot;show_count&quot;:false,&quot;ajax_loading&quot;:false,&quot;loop_position&quot;:&quot;after_add_to_cart&quot;,&quot;item&quot;:&quot;add_to_wishlist&quot;}\"\n>\n\t\t\t\n\t\t\t<!-- ADD TO WISHLIST -->\n\t\t\t\n<div class=\"yith-wcwl-add-button\">\n\t\t<a\n\t\thref=\"?add_to_wishlist=7550&#038;_wpnonce=c2b8fd1bc9\"\n\t\tclass=\"add_to_wishlist single_add_to_wishlist\"\n\t\tdata-product-id=\"7550\"\n\t\tdata-product-type=\"simple\"\n\t\tdata-original-product-id=\"7550\"\n\t\tdata-title=\"Add to wishlist\"\n\t\trel=\"nofollow\"\n\t>\n\t\t<i class=\"tb-icon tb-icon-heart2\"><\/i>\t\t<span>Add to wishlist<\/span>\n\t<\/a>\n<\/div>\n\n\t\t\t<!-- COUNT TEXT -->\n\t\t\t\n\t\t\t<\/div>\n<\/div>\t\t    <\/div>\r\n            <div class=\"group-add-to-cart\">\r\n\t\t\t\t<div class=\"add-cart\" title=\"Read more\"><a href=\"https:\/\/www.mecgroup.ly\/fr\/product\/pumpy-large-t4\/\" aria-describedby=\"woocommerce_loop_add_to_cart_link_describedby_7550\" data-quantity=\"1\" class=\"button product_type_simple\" data-product_id=\"7550\" data-product_sku=\"\" aria-label=\"Read more about &ldquo;Pumpy Large (T4)&rdquo;\" rel=\"nofollow\"><span class=\"title-cart\">Read more<\/span><\/a>    <span id=\"woocommerce_loop_add_to_cart_link_describedby_7550\" class=\"screen-reader-text\">\r\n            <\/span>\r\n<\/div>\t\t\t<\/div>\r\n\t\t<\/div>\r\n\t\t\t\t\r\n\t\t\t\t\r\n\t\t<div class=\"caption\">\r\n\t\t\t            <div class=\"group-content\">\r\n                                \r\n            <\/div>\r\n\r\n\t\t\t        <h3 class=\"name full_name\"><a href=\"https:\/\/www.mecgroup.ly\/fr\/product\/pumpy-large-t4\/\">Pumpy Large (T4)<\/a><\/h3>\n        \t\t\t\t\t\t\r\n\t\t\t\n\t\t\t\r\n\t\t\t\r\n\r\n\t\t\t\t\r\n\t\t\t\r\n\t\t\t\t\t<\/div>\r\n\r\n\t\t\r\n\t\t\r\n            <\/div>\r\n    \r\n\t<\/div>\r\n\t\t\t<\/div>\r\n        <\/div>\r\n\r\n    \r\n        <div class=\"item\">\r\n\t\t\t<div class=\"products-grid product type-product post-7479 status-publish instock has-post-thumbnail shipping-taxable product-type-simple\">\r\n\t\t\t<div class=\"product-block grid product v1\" data-product-id=\"7479\">\r\n\t\t<div class=\"product-content\">\r\n\t\t\r\n\t\t<div class=\"block-inner\">\r\n\t\t\t<figure class=\"image \">\r\n\t\t\t\t<a title=\"Pumpy Moyen (T3)\" href=\"https:\/\/www.mecgroup.ly\/fr\/product\/pumpy-moyen-t3\/\" class=\"product-image\">\r\n\t\t\t\t\t<img decoding=\"async\" width=\"406\" height=\"406\" src=\"https:\/\/www.mecgroup.ly\/wp-content\/uploads\/2024\/09\/BSP77-406x406.jpg\" class=\"image-no-effect\" alt=\"\u0628\u0627\u0645\u0628\u064a \u0645\u062a\u0648\u0633\u0637 (T3)\" \/>\t\t\t\t<\/a>\r\n\t\t\t\t\r\n\t\t\t\t\t\t\t\r\n\t\t\t\t\t\t<\/figure>\r\n\t\t\t<div class=\"group-buttons\">\t\r\n\t\t\t\t<div class=\"button-wishlist \" title=\"Wishlist\">\n<div\n\tclass=\"yith-wcwl-add-to-wishlist add-to-wishlist-7479  wishlist-fragment on-first-load\"\n\tdata-fragment-ref=\"7479\"\n\tdata-fragment-options=\"{&quot;base_url&quot;:&quot;&quot;,&quot;in_default_wishlist&quot;:false,&quot;is_single&quot;:false,&quot;show_exists&quot;:false,&quot;product_id&quot;:7479,&quot;parent_product_id&quot;:7479,&quot;product_type&quot;:&quot;simple&quot;,&quot;show_view&quot;:false,&quot;browse_wishlist_text&quot;:&quot;View Wishlist&quot;,&quot;already_in_wishslist_text&quot;:&quot;&quot;,&quot;product_added_text&quot;:&quot;&quot;,&quot;heading_icon&quot;:&quot;custom&quot;,&quot;available_multi_wishlist&quot;:false,&quot;disable_wishlist&quot;:false,&quot;show_count&quot;:false,&quot;ajax_loading&quot;:false,&quot;loop_position&quot;:&quot;after_add_to_cart&quot;,&quot;item&quot;:&quot;add_to_wishlist&quot;}\"\n>\n\t\t\t\n\t\t\t<!-- ADD TO WISHLIST -->\n\t\t\t\n<div class=\"yith-wcwl-add-button\">\n\t\t<a\n\t\thref=\"?add_to_wishlist=7479&#038;_wpnonce=c2b8fd1bc9\"\n\t\tclass=\"add_to_wishlist single_add_to_wishlist\"\n\t\tdata-product-id=\"7479\"\n\t\tdata-product-type=\"simple\"\n\t\tdata-original-product-id=\"7479\"\n\t\tdata-title=\"Add to wishlist\"\n\t\trel=\"nofollow\"\n\t>\n\t\t<i class=\"tb-icon tb-icon-heart2\"><\/i>\t\t<span>Add to wishlist<\/span>\n\t<\/a>\n<\/div>\n\n\t\t\t<!-- COUNT TEXT -->\n\t\t\t\n\t\t\t<\/div>\n<\/div>\t\t    <\/div>\r\n            <div class=\"group-add-to-cart\">\r\n\t\t\t\t<div class=\"add-cart\" title=\"Read more\"><a href=\"https:\/\/www.mecgroup.ly\/fr\/product\/pumpy-moyen-t3\/\" aria-describedby=\"woocommerce_loop_add_to_cart_link_describedby_7479\" data-quantity=\"1\" class=\"button product_type_simple\" data-product_id=\"7479\" data-product_sku=\"\" aria-label=\"Read more about &ldquo;Pumpy Moyen (T3)&rdquo;\" rel=\"nofollow\"><span class=\"title-cart\">Read more<\/span><\/a>    <span id=\"woocommerce_loop_add_to_cart_link_describedby_7479\" class=\"screen-reader-text\">\r\n            <\/span>\r\n<\/div>\t\t\t<\/div>\r\n\t\t<\/div>\r\n\t\t\t\t\r\n\t\t\t\t\r\n\t\t<div class=\"caption\">\r\n\t\t\t            <div class=\"group-content\">\r\n                                \r\n            <\/div>\r\n\r\n\t\t\t        <h3 class=\"name full_name\"><a href=\"https:\/\/www.mecgroup.ly\/fr\/product\/pumpy-moyen-t3\/\">Pumpy Moyen (T3)<\/a><\/h3>\n        \t\t\t\t\t\t\r\n\t\t\t\n\t\t\t\r\n\t\t\t\r\n\r\n\t\t\t\t\r\n\t\t\t\r\n\t\t\t\t\t<\/div>\r\n\r\n\t\t\r\n\t\t\r\n            <\/div>\r\n    \r\n\t<\/div>\r\n\t\t\t<\/div>\r\n        <\/div>\r\n\r\n    \r\n        <div class=\"item\">\r\n\t\t\t<div class=\"products-grid product type-product post-7464 status-publish instock has-post-thumbnail shipping-taxable product-type-simple\">\r\n\t\t\t<div class=\"product-block grid product v1\" data-product-id=\"7464\">\r\n\t\t<div class=\"product-content\">\r\n\t\t\r\n\t\t<div class=\"block-inner\">\r\n\t\t\t<figure class=\"image \">\r\n\t\t\t\t<a title=\"Petit Pumpy (T2)\" href=\"https:\/\/www.mecgroup.ly\/fr\/product\/petit-pumpy-t2\/\" class=\"product-image\">\r\n\t\t\t\t\t<img decoding=\"async\" width=\"406\" height=\"406\" src=\"https:\/\/www.mecgroup.ly\/wp-content\/uploads\/2024\/09\/BSP79-406x406.jpg\" class=\"image-no-effect\" alt=\"\" \/>\t\t\t\t<\/a>\r\n\t\t\t\t\r\n\t\t\t\t\t\t\t\r\n\t\t\t\t\t\t<\/figure>\r\n\t\t\t<div class=\"group-buttons\">\t\r\n\t\t\t\t<div class=\"button-wishlist \" title=\"Wishlist\">\n<div\n\tclass=\"yith-wcwl-add-to-wishlist add-to-wishlist-7464  wishlist-fragment on-first-load\"\n\tdata-fragment-ref=\"7464\"\n\tdata-fragment-options=\"{&quot;base_url&quot;:&quot;&quot;,&quot;in_default_wishlist&quot;:false,&quot;is_single&quot;:false,&quot;show_exists&quot;:false,&quot;product_id&quot;:7464,&quot;parent_product_id&quot;:7464,&quot;product_type&quot;:&quot;simple&quot;,&quot;show_view&quot;:false,&quot;browse_wishlist_text&quot;:&quot;View Wishlist&quot;,&quot;already_in_wishslist_text&quot;:&quot;&quot;,&quot;product_added_text&quot;:&quot;&quot;,&quot;heading_icon&quot;:&quot;custom&quot;,&quot;available_multi_wishlist&quot;:false,&quot;disable_wishlist&quot;:false,&quot;show_count&quot;:false,&quot;ajax_loading&quot;:false,&quot;loop_position&quot;:&quot;after_add_to_cart&quot;,&quot;item&quot;:&quot;add_to_wishlist&quot;}\"\n>\n\t\t\t\n\t\t\t<!-- ADD TO WISHLIST -->\n\t\t\t\n<div class=\"yith-wcwl-add-button\">\n\t\t<a\n\t\thref=\"?add_to_wishlist=7464&#038;_wpnonce=c2b8fd1bc9\"\n\t\tclass=\"add_to_wishlist single_add_to_wishlist\"\n\t\tdata-product-id=\"7464\"\n\t\tdata-product-type=\"simple\"\n\t\tdata-original-product-id=\"7464\"\n\t\tdata-title=\"Add to wishlist\"\n\t\trel=\"nofollow\"\n\t>\n\t\t<i class=\"tb-icon tb-icon-heart2\"><\/i>\t\t<span>Add to wishlist<\/span>\n\t<\/a>\n<\/div>\n\n\t\t\t<!-- COUNT TEXT -->\n\t\t\t\n\t\t\t<\/div>\n<\/div>\t\t    <\/div>\r\n            <div class=\"group-add-to-cart\">\r\n\t\t\t\t<div class=\"add-cart\" title=\"Read more\"><a href=\"https:\/\/www.mecgroup.ly\/fr\/product\/petit-pumpy-t2\/\" aria-describedby=\"woocommerce_loop_add_to_cart_link_describedby_7464\" data-quantity=\"1\" class=\"button product_type_simple\" data-product_id=\"7464\" data-product_sku=\"\" aria-label=\"Read more about &ldquo;Petit Pumpy (T2)&rdquo;\" rel=\"nofollow\"><span class=\"title-cart\">Read more<\/span><\/a>    <span id=\"woocommerce_loop_add_to_cart_link_describedby_7464\" class=\"screen-reader-text\">\r\n            <\/span>\r\n<\/div>\t\t\t<\/div>\r\n\t\t<\/div>\r\n\t\t\t\t\r\n\t\t\t\t\r\n\t\t<div class=\"caption\">\r\n\t\t\t            <div class=\"group-content\">\r\n                                \r\n            <\/div>\r\n\r\n\t\t\t        <h3 class=\"name full_name\"><a href=\"https:\/\/www.mecgroup.ly\/fr\/product\/petit-pumpy-t2\/\">Petit Pumpy (T2)<\/a><\/h3>\n        \t\t\t\t\t\t\r\n\t\t\t\n\t\t\t\r\n\t\t\t\r\n\r\n\t\t\t\t\r\n\t\t\t\r\n\t\t\t\t\t<\/div>\r\n\r\n\t\t\r\n\t\t\r\n            <\/div>\r\n    \r\n\t<\/div>\r\n\t\t\t<\/div>\r\n        <\/div>\r\n\r\n    \r\n        <div class=\"item\">\r\n\t\t\t<div class=\"products-grid product type-product post-7451 status-publish last instock product_cat-pumpy-fr has-post-thumbnail shipping-taxable product-type-simple\">\r\n\t\t\t<div class=\"product-block grid product v1\" data-product-id=\"7451\">\r\n\t\t<div class=\"product-content\">\r\n\t\t\r\n\t\t<div class=\"block-inner\">\r\n\t\t\t<figure class=\"image \">\r\n\t\t\t\t<a title=\"Pumpy XL (T5)\" href=\"https:\/\/www.mecgroup.ly\/fr\/product\/pumpy-xl-t5\/\" class=\"product-image\">\r\n\t\t\t\t\t<img loading=\"lazy\" decoding=\"async\" width=\"406\" height=\"406\" src=\"https:\/\/www.mecgroup.ly\/wp-content\/uploads\/2024\/09\/BSP-78-406x406.jpg\" class=\"image-no-effect\" alt=\"\" \/>\t\t\t\t<\/a>\r\n\t\t\t\t\r\n\t\t\t\t\t\t\t\r\n\t\t\t\t\t\t<\/figure>\r\n\t\t\t<div class=\"group-buttons\">\t\r\n\t\t\t\t<div class=\"button-wishlist \" title=\"Wishlist\">\n<div\n\tclass=\"yith-wcwl-add-to-wishlist add-to-wishlist-7451  wishlist-fragment on-first-load\"\n\tdata-fragment-ref=\"7451\"\n\tdata-fragment-options=\"{&quot;base_url&quot;:&quot;&quot;,&quot;in_default_wishlist&quot;:false,&quot;is_single&quot;:false,&quot;show_exists&quot;:false,&quot;product_id&quot;:7451,&quot;parent_product_id&quot;:7451,&quot;product_type&quot;:&quot;simple&quot;,&quot;show_view&quot;:false,&quot;browse_wishlist_text&quot;:&quot;View Wishlist&quot;,&quot;already_in_wishslist_text&quot;:&quot;&quot;,&quot;product_added_text&quot;:&quot;&quot;,&quot;heading_icon&quot;:&quot;custom&quot;,&quot;available_multi_wishlist&quot;:false,&quot;disable_wishlist&quot;:false,&quot;show_count&quot;:false,&quot;ajax_loading&quot;:false,&quot;loop_position&quot;:&quot;after_add_to_cart&quot;,&quot;item&quot;:&quot;add_to_wishlist&quot;}\"\n>\n\t\t\t\n\t\t\t<!-- ADD TO WISHLIST -->\n\t\t\t\n<div class=\"yith-wcwl-add-button\">\n\t\t<a\n\t\thref=\"?add_to_wishlist=7451&#038;_wpnonce=c2b8fd1bc9\"\n\t\tclass=\"add_to_wishlist single_add_to_wishlist\"\n\t\tdata-product-id=\"7451\"\n\t\tdata-product-type=\"simple\"\n\t\tdata-original-product-id=\"7451\"\n\t\tdata-title=\"Add to wishlist\"\n\t\trel=\"nofollow\"\n\t>\n\t\t<i class=\"tb-icon tb-icon-heart2\"><\/i>\t\t<span>Add to wishlist<\/span>\n\t<\/a>\n<\/div>\n\n\t\t\t<!-- COUNT TEXT -->\n\t\t\t\n\t\t\t<\/div>\n<\/div>\t\t    <\/div>\r\n            <div class=\"group-add-to-cart\">\r\n\t\t\t\t<div class=\"add-cart\" title=\"Read more\"><a href=\"https:\/\/www.mecgroup.ly\/fr\/product\/pumpy-xl-t5\/\" aria-describedby=\"woocommerce_loop_add_to_cart_link_describedby_7451\" data-quantity=\"1\" class=\"button product_type_simple\" data-product_id=\"7451\" data-product_sku=\"\" aria-label=\"Read more about &ldquo;Pumpy XL (T5)&rdquo;\" rel=\"nofollow\"><span class=\"title-cart\">Read more<\/span><\/a>    <span id=\"woocommerce_loop_add_to_cart_link_describedby_7451\" class=\"screen-reader-text\">\r\n            <\/span>\r\n<\/div>\t\t\t<\/div>\r\n\t\t<\/div>\r\n\t\t\t\t\r\n\t\t\t\t\r\n\t\t<div class=\"caption\">\r\n\t\t\t            <div class=\"group-content\">\r\n                                \r\n            <\/div>\r\n\r\n\t\t\t        <h3 class=\"name full_name\"><a href=\"https:\/\/www.mecgroup.ly\/fr\/product\/pumpy-xl-t5\/\">Pumpy XL (T5)<\/a><\/h3>\n        \t\t\t\t\t\t\r\n\t\t\t\n\t\t\t\r\n\t\t\t\r\n\r\n\t\t\t\t\r\n\t\t\t\r\n\t\t\t\t\t<\/div>\r\n\r\n\t\t\r\n\t\t\r\n            <\/div>\r\n    \r\n\t<\/div>\r\n\t\t\t<\/div>\r\n        <\/div>\r\n\r\n     \r\n\r\n    <\/div>        \r\n<\/div>\t\t<\/div>\n\t\t\t\t<\/div>\n\t\t\t\t\t<\/div>\n\t\t\t\t<\/div>\n\t\t\t\t<\/div>\n\t\t","protected":false},"excerpt":{"rendered":"<p>View Wishlist Lire la suite Pumpy Large (T4) Add to wishlist Lire la suite Pumpy Moyen (T3) Add to wishlist Lire la suite Petit Pumpy (T2) Add to wishlist Lire la suite Pumpy XL (T5)<\/p>\n","protected":false},"author":1,"featured_media":0,"parent":0,"menu_order":0,"comment_status":"closed","ping_status":"closed","template":"","meta":{"footnotes":""},"class_list":["post-7833","page","type-page","status-publish","hentry"],"yoast_head":"<!-- This site is optimized with the Yoast SEO plugin v23.6 - https:\/\/yoast.com\/wordpress\/plugins\/seo\/ -->\n<title>Couches Pumpy | Pour le bien-\u00eatre de votre b\u00e9b\u00e9 en Libye<\/title>\n<meta name=\"description\" content=\"Pumpy couches sont id\u00e9ales pour le bien-\u00eatre de votre b\u00e9b\u00e9 en Libye. La formule haute performance offre une douceur sup\u00e9rieure \u00e0 la peau de tous les b\u00e9b\u00e9s.\" \/>\n<meta name=\"robots\" content=\"index, follow, max-snippet:-1, max-image-preview:large, max-video-preview:-1\" \/>\n<link rel=\"canonical\" href=\"https:\/\/www.mecgroup.ly\/fr\/pumpy\/\" \/>\n<meta property=\"og:locale\" content=\"fr_FR\" \/>\n<meta property=\"og:type\" content=\"article\" \/>\n<meta property=\"og:title\" content=\"Couches Pumpy | Pour le bien-\u00eatre de votre b\u00e9b\u00e9 en Libye\" \/>\n<meta property=\"og:description\" content=\"Pumpy couches sont id\u00e9ales pour le bien-\u00eatre de votre b\u00e9b\u00e9 en Libye. La formule haute performance offre une douceur sup\u00e9rieure \u00e0 la peau de tous les b\u00e9b\u00e9s.\" \/>\n<meta property=\"og:url\" content=\"https:\/\/www.mecgroup.ly\/fr\/pumpy\/\" \/>\n<meta property=\"og:site_name\" content=\"MEC Group\" \/>\n<meta property=\"article:modified_time\" content=\"2024-10-07T17:08:06+00:00\" \/>\n<meta property=\"og:image\" content=\"https:\/\/www.mecgroup.ly\/wp-content\/uploads\/2024\/09\/BSP76-406x406.jpg\" \/>\n<meta name=\"twitter:card\" content=\"summary_large_image\" \/>\n<meta name=\"twitter:label1\" content=\"Dur\u00e9e de lecture estim\u00e9e\" \/>\n\t<meta name=\"twitter:data1\" content=\"1 minute\" \/>\n<script type=\"application\/ld+json\" class=\"yoast-schema-graph\">{\"@context\":\"https:\/\/schema.org\",\"@graph\":[{\"@type\":\"WebPage\",\"@id\":\"https:\/\/www.mecgroup.ly\/fr\/pumpy\/\",\"url\":\"https:\/\/www.mecgroup.ly\/fr\/pumpy\/\",\"name\":\"Couches Pumpy | Pour le bien-\u00eatre de votre b\u00e9b\u00e9 en Libye\",\"isPartOf\":{\"@id\":\"https:\/\/www.mecgroup.ly\/#website\"},\"primaryImageOfPage\":{\"@id\":\"https:\/\/www.mecgroup.ly\/fr\/pumpy\/#primaryimage\"},\"image\":{\"@id\":\"https:\/\/www.mecgroup.ly\/fr\/pumpy\/#primaryimage\"},\"thumbnailUrl\":\"https:\/\/www.mecgroup.ly\/wp-content\/uploads\/2024\/09\/BSP76-406x406.jpg\",\"datePublished\":\"2024-09-10T10:30:23+00:00\",\"dateModified\":\"2024-10-07T17:08:06+00:00\",\"description\":\"Pumpy couches sont id\u00e9ales pour le bien-\u00eatre de votre b\u00e9b\u00e9 en Libye. La formule haute performance offre une douceur sup\u00e9rieure \u00e0 la peau de tous les b\u00e9b\u00e9s.\",\"breadcrumb\":{\"@id\":\"https:\/\/www.mecgroup.ly\/fr\/pumpy\/#breadcrumb\"},\"inLanguage\":\"fr-FR\",\"potentialAction\":[{\"@type\":\"ReadAction\",\"target\":[\"https:\/\/www.mecgroup.ly\/fr\/pumpy\/\"]}]},{\"@type\":\"ImageObject\",\"inLanguage\":\"fr-FR\",\"@id\":\"https:\/\/www.mecgroup.ly\/fr\/pumpy\/#primaryimage\",\"url\":\"https:\/\/www.mecgroup.ly\/wp-content\/uploads\/2024\/09\/BSP76-406x406.jpg\",\"contentUrl\":\"https:\/\/www.mecgroup.ly\/wp-content\/uploads\/2024\/09\/BSP76-406x406.jpg\"},{\"@type\":\"BreadcrumbList\",\"@id\":\"https:\/\/www.mecgroup.ly\/fr\/pumpy\/#breadcrumb\",\"itemListElement\":[{\"@type\":\"ListItem\",\"position\":1,\"name\":\"Accueil\",\"item\":\"https:\/\/www.mecgroup.ly\/fr\/\"},{\"@type\":\"ListItem\",\"position\":2,\"name\":\"Pumpy\"}]},{\"@type\":\"WebSite\",\"@id\":\"https:\/\/www.mecgroup.ly\/#website\",\"url\":\"https:\/\/www.mecgroup.ly\/\",\"name\":\"MEC Group\",\"description\":\"\u0627\u0633\u062a\u064a\u0631\u0627\u062f \u0645\u0648\u0627\u062f \u0627\u0644\u062a\u0646\u0638\u064a\u0641 \u0641\u064a \u0644\u064a\u0628\u064a\u0627\",\"potentialAction\":[{\"@type\":\"SearchAction\",\"target\":{\"@type\":\"EntryPoint\",\"urlTemplate\":\"https:\/\/www.mecgroup.ly\/?s={search_term_string}\"},\"query-input\":{\"@type\":\"PropertyValueSpecification\",\"valueRequired\":true,\"valueName\":\"search_term_string\"}}],\"inLanguage\":\"fr-FR\"}]}<\/script>\n<!-- \/ Yoast SEO plugin. -->","yoast_head_json":{"title":"Couches Pumpy | Pour le bien-\u00eatre de votre b\u00e9b\u00e9 en Libye","description":"Pumpy couches sont id\u00e9ales pour le bien-\u00eatre de votre b\u00e9b\u00e9 en Libye. La formule haute performance offre une douceur sup\u00e9rieure \u00e0 la peau de tous les b\u00e9b\u00e9s.","robots":{"index":"index","follow":"follow","max-snippet":"max-snippet:-1","max-image-preview":"max-image-preview:large","max-video-preview":"max-video-preview:-1"},"canonical":"https:\/\/www.mecgroup.ly\/fr\/pumpy\/","og_locale":"fr_FR","og_type":"article","og_title":"Couches Pumpy | Pour le bien-\u00eatre de votre b\u00e9b\u00e9 en Libye","og_description":"Pumpy couches sont id\u00e9ales pour le bien-\u00eatre de votre b\u00e9b\u00e9 en Libye. La formule haute performance offre une douceur sup\u00e9rieure \u00e0 la peau de tous les b\u00e9b\u00e9s.","og_url":"https:\/\/www.mecgroup.ly\/fr\/pumpy\/","og_site_name":"MEC Group","article_modified_time":"2024-10-07T17:08:06+00:00","og_image":[{"url":"https:\/\/www.mecgroup.ly\/wp-content\/uploads\/2024\/09\/BSP76-406x406.jpg"}],"twitter_card":"summary_large_image","twitter_misc":{"Dur\u00e9e de lecture estim\u00e9e":"1 minute"},"schema":{"@context":"https:\/\/schema.org","@graph":[{"@type":"WebPage","@id":"https:\/\/www.mecgroup.ly\/fr\/pumpy\/","url":"https:\/\/www.mecgroup.ly\/fr\/pumpy\/","name":"Couches Pumpy | Pour le bien-\u00eatre de votre b\u00e9b\u00e9 en Libye","isPartOf":{"@id":"https:\/\/www.mecgroup.ly\/#website"},"primaryImageOfPage":{"@id":"https:\/\/www.mecgroup.ly\/fr\/pumpy\/#primaryimage"},"image":{"@id":"https:\/\/www.mecgroup.ly\/fr\/pumpy\/#primaryimage"},"thumbnailUrl":"https:\/\/www.mecgroup.ly\/wp-content\/uploads\/2024\/09\/BSP76-406x406.jpg","datePublished":"2024-09-10T10:30:23+00:00","dateModified":"2024-10-07T17:08:06+00:00","description":"Pumpy couches sont id\u00e9ales pour le bien-\u00eatre de votre b\u00e9b\u00e9 en Libye. La formule haute performance offre une douceur sup\u00e9rieure \u00e0 la peau de tous les b\u00e9b\u00e9s.","breadcrumb":{"@id":"https:\/\/www.mecgroup.ly\/fr\/pumpy\/#breadcrumb"},"inLanguage":"fr-FR","potentialAction":[{"@type":"ReadAction","target":["https:\/\/www.mecgroup.ly\/fr\/pumpy\/"]}]},{"@type":"ImageObject","inLanguage":"fr-FR","@id":"https:\/\/www.mecgroup.ly\/fr\/pumpy\/#primaryimage","url":"https:\/\/www.mecgroup.ly\/wp-content\/uploads\/2024\/09\/BSP76-406x406.jpg","contentUrl":"https:\/\/www.mecgroup.ly\/wp-content\/uploads\/2024\/09\/BSP76-406x406.jpg"},{"@type":"BreadcrumbList","@id":"https:\/\/www.mecgroup.ly\/fr\/pumpy\/#breadcrumb","itemListElement":[{"@type":"ListItem","position":1,"name":"Accueil","item":"https:\/\/www.mecgroup.ly\/fr\/"},{"@type":"ListItem","position":2,"name":"Pumpy"}]},{"@type":"WebSite","@id":"https:\/\/www.mecgroup.ly\/#website","url":"https:\/\/www.mecgroup.ly\/","name":"MEC Group","description":"\u0627\u0633\u062a\u064a\u0631\u0627\u062f \u0645\u0648\u0627\u062f \u0627\u0644\u062a\u0646\u0638\u064a\u0641 \u0641\u064a \u0644\u064a\u0628\u064a\u0627","potentialAction":[{"@type":"SearchAction","target":{"@type":"EntryPoint","urlTemplate":"https:\/\/www.mecgroup.ly\/?s={search_term_string}"},"query-input":{"@type":"PropertyValueSpecification","valueRequired":true,"valueName":"search_term_string"}}],"inLanguage":"fr-FR"}]}},"_links":{"self":[{"href":"https:\/\/www.mecgroup.ly\/fr\/wp-json\/wp\/v2\/pages\/7833","targetHints":{"allow":["GET"]}}],"collection":[{"href":"https:\/\/www.mecgroup.ly\/fr\/wp-json\/wp\/v2\/pages"}],"about":[{"href":"https:\/\/www.mecgroup.ly\/fr\/wp-json\/wp\/v2\/types\/page"}],"author":[{"embeddable":true,"href":"https:\/\/www.mecgroup.ly\/fr\/wp-json\/wp\/v2\/users\/1"}],"replies":[{"embeddable":true,"href":"https:\/\/www.mecgroup.ly\/fr\/wp-json\/wp\/v2\/comments?post=7833"}],"version-history":[{"count":10,"href":"https:\/\/www.mecgroup.ly\/fr\/wp-json\/wp\/v2\/pages\/7833\/revisions"}],"predecessor-version":[{"id":8828,"href":"https:\/\/www.mecgroup.ly\/fr\/wp-json\/wp\/v2\/pages\/7833\/revisions\/8828"}],"wp:attachment":[{"href":"https:\/\/www.mecgroup.ly\/fr\/wp-json\/wp\/v2\/media?parent=7833"}],"curies":[{"name":"wp","href":"https:\/\/api.w.org\/{rel}","templated":true}]}}