{"id":27,"date":"2021-10-19T03:51:32","date_gmt":"2021-10-19T03:51:32","guid":{"rendered":"https:\/\/hara.thembaydev.com\/?page_id=27"},"modified":"2024-10-07T18:58:17","modified_gmt":"2024-10-07T16:58:17","slug":"qui-sommes-nous","status":"publish","type":"page","link":"https:\/\/www.mecgroup.ly\/fr\/qui-sommes-nous\/","title":{"rendered":"Qui sommes-nous ?"},"content":{"rendered":"\t\t<div data-elementor-type=\"wp-page\" data-elementor-id=\"27\" class=\"elementor elementor-27\">\n\t\t\t\t\t\t<section class=\"elementor-section elementor-top-section elementor-element elementor-element-d913bad elementor-section-stretched elementor-section-boxed elementor-section-height-default elementor-section-height-default\" data-id=\"d913bad\" data-element_type=\"section\" data-settings=\"{&quot;stretch_section&quot;:&quot;section-stretched&quot;}\">\n\t\t\t\t\t\t<div class=\"elementor-container elementor-column-gap-default\">\n\t\t\t\t\t<div class=\"elementor-column elementor-col-50 elementor-top-column elementor-element elementor-element-9084298\" data-id=\"9084298\" data-element_type=\"column\">\n\t\t\t<div class=\"elementor-widget-wrap elementor-element-populated\">\n\t\t\t\t\t\t<div class=\"elementor-element elementor-element-4254221 elementor-widget elementor-widget-image\" data-id=\"4254221\" data-element_type=\"widget\" data-widget_type=\"image.default\">\n\t\t\t\t<div class=\"elementor-widget-container\">\n\t\t\t<style>\/*! elementor - v3.23.0 - 05-08-2024 *\/\n.elementor-widget-image{text-align:center}.elementor-widget-image a{display:inline-block}.elementor-widget-image a img[src$=\".svg\"]{width:48px}.elementor-widget-image img{vertical-align:middle;display:inline-block}<\/style>\t\t\t\t\t\t\t\t\t\t<img fetchpriority=\"high\" decoding=\"async\" width=\"609\" height=\"500\" src=\"https:\/\/www.mecgroup.ly\/wp-content\/uploads\/2024\/09\/cleaning-buying-guide-img-1.jpg\" class=\"attachment-full size-full wp-image-7744\" alt=\"\" \/>\t\t\t\t\t\t\t\t\t\t\t\t\t<\/div>\n\t\t\t\t<\/div>\n\t\t\t\t\t<\/div>\n\t\t<\/div>\n\t\t\t\t<div class=\"elementor-column elementor-col-50 elementor-top-column elementor-element elementor-element-d1ed620\" data-id=\"d1ed620\" data-element_type=\"column\">\n\t\t\t<div class=\"elementor-widget-wrap elementor-element-populated\">\n\t\t\t\t\t\t<div class=\"elementor-element elementor-element-cbce0eb elementor-widget elementor-widget-tbay-heading\" data-id=\"cbce0eb\" data-element_type=\"widget\" data-widget_type=\"tbay-heading.default\">\n\t\t\t\t<div class=\"elementor-widget-container\">\n\t\t\t\r\n<div class=\"tbay-element tbay-element-heading\">\r\n\t\t\t\t<h3 class=\"heading-tbay-title style-1\">\r\n                \r\n                 \r\n\r\n\t\t\t\t\t\t\t\t\t<span class=\"title\">Parce que les d\u00e9tails font la diff\u00e9rence, nous nous soucions de la qualit\u00e9.<\/span>\r\n\t\t\t\t\t    \t\r\n\r\n                \r\n                <i aria-hidden=\"true\" class=\"tb-icon tb-icon-wave\"><\/i>\r\n\t\t\t<\/h3>\r\n        <\/div>\t\t<\/div>\n\t\t\t\t<\/div>\n\t\t\t\t<div class=\"elementor-element elementor-element-5031029 elementor-widget elementor-widget-text-editor\" data-id=\"5031029\" data-element_type=\"widget\" data-widget_type=\"text-editor.default\">\n\t\t\t\t<div class=\"elementor-widget-container\">\n\t\t\t<style>\/*! elementor - v3.23.0 - 05-08-2024 *\/\n.elementor-widget-text-editor.elementor-drop-cap-view-stacked .elementor-drop-cap{background-color:#69727d;color:#fff}.elementor-widget-text-editor.elementor-drop-cap-view-framed .elementor-drop-cap{color:#69727d;border:3px solid;background-color:transparent}.elementor-widget-text-editor:not(.elementor-drop-cap-view-default) .elementor-drop-cap{margin-top:8px}.elementor-widget-text-editor:not(.elementor-drop-cap-view-default) .elementor-drop-cap-letter{width:1em;height:1em}.elementor-widget-text-editor .elementor-drop-cap{float:right;text-align:center;line-height:1;font-size:50px}.elementor-widget-text-editor .elementor-drop-cap-letter{display:inline-block}<\/style>\t\t\t\t<p>Depuis 2012, notre entreprise est n\u00e9e d&#8217;une vision claire et d&#8217;un objectif ambitieux : fournir des produits de nettoyage de haute qualit\u00e9 r\u00e9pondant aux besoins d&#8217;un march\u00e9 en constante croissance et \u00e9volution.<\/p><p>Chez SOCI\u00c9T\u00c9 AL SHARQ AL MOUTAWASSIT pour l&#8217;importation de produits de nettoyage, nous croyons que le succ\u00e8s r\u00e9side dans les d\u00e9tails. C&#8217;est pourquoi nous nous engageons aux plus hauts standards de qualit\u00e9 en choisissant soigneusement nos partenaires. Nous adoptons une approche de renouveau et d&#8217;am\u00e9lioration continue pour garantir d&#8217;offrir le meilleur \u00e0 chaque fois, car vous m\u00e9ritez ce qu&#8217;il y a de mieux.<\/p><p>Nous vous remercions de placer votre confiance en AL SHARQ AL MOUTAWASSIT pour l&#8217;importation de produits de nettoyage. Nous sommes impatients de continuer \u00e0 vous servir avec des produits de nettoyage exceptionnels pour r\u00e9pondre \u00e0 tous vos besoins.<\/p>\t\t\t\t\t\t<\/div>\n\t\t\t\t<\/div>\n\t\t\t\t\t<\/div>\n\t\t<\/div>\n\t\t\t\t\t<\/div>\n\t\t<\/section>\n\t\t\t\t<section class=\"elementor-section elementor-top-section elementor-element elementor-element-db8c582 elementor-section-stretched elementor-section-boxed elementor-section-height-default elementor-section-height-default\" data-id=\"db8c582\" data-element_type=\"section\" data-settings=\"{&quot;stretch_section&quot;:&quot;section-stretched&quot;,&quot;background_background&quot;:&quot;classic&quot;}\">\n\t\t\t\t\t\t\t<div class=\"elementor-background-overlay\"><\/div>\n\t\t\t\t\t\t\t<div class=\"elementor-container elementor-column-gap-default\">\n\t\t\t\t\t<div class=\"elementor-column elementor-col-33 elementor-top-column elementor-element elementor-element-adc9bab\" data-id=\"adc9bab\" data-element_type=\"column\">\n\t\t\t<div class=\"elementor-widget-wrap elementor-element-populated\">\n\t\t\t\t\t\t<div class=\"elementor-element elementor-element-7cbe63c elementor-view-stacked elementor-shape-circle elementor-position-top elementor-mobile-position-top elementor-widget elementor-widget-icon-box\" data-id=\"7cbe63c\" data-element_type=\"widget\" data-widget_type=\"icon-box.default\">\n\t\t\t\t<div class=\"elementor-widget-container\">\n\t\t\t<link rel=\"stylesheet\" href=\"https:\/\/www.mecgroup.ly\/wp-content\/plugins\/elementor\/assets\/css\/widget-icon-box-rtl.min.css\">\t\t<div class=\"elementor-icon-box-wrapper\">\n\n\t\t\t\t\t\t<div class=\"elementor-icon-box-icon\">\n\t\t\t\t<span  class=\"elementor-icon elementor-animation-\">\n\t\t\t\t<svg aria-hidden=\"true\" class=\"e-font-icon-svg e-far-user\" viewBox=\"0 0 448 512\" xmlns=\"http:\/\/www.w3.org\/2000\/svg\"><path d=\"M313.6 304c-28.7 0-42.5 16-89.6 16-47.1 0-60.8-16-89.6-16C60.2 304 0 364.2 0 438.4V464c0 26.5 21.5 48 48 48h352c26.5 0 48-21.5 48-48v-25.6c0-74.2-60.2-134.4-134.4-134.4zM400 464H48v-25.6c0-47.6 38.8-86.4 86.4-86.4 14.6 0 38.3 16 89.6 16 51.7 0 74.9-16 89.6-16 47.6 0 86.4 38.8 86.4 86.4V464zM224 288c79.5 0 144-64.5 144-144S303.5 0 224 0 80 64.5 80 144s64.5 144 144 144zm0-240c52.9 0 96 43.1 96 96s-43.1 96-96 96-96-43.1-96-96 43.1-96 96-96z\"><\/path><\/svg>\t\t\t\t<\/span>\n\t\t\t<\/div>\n\t\t\t\n\t\t\t\t\t\t<div class=\"elementor-icon-box-content\">\n\n\t\t\t\t\t\t\t\t\t<h3 class=\"elementor-icon-box-title\">\n\t\t\t\t\t\t<span  >\n\t\t\t\t\t\t\tService client\t\t\t\t\t\t<\/span>\n\t\t\t\t\t<\/h3>\n\t\t\t\t\n\t\t\t\t\t\t\t\t\t<p class=\"elementor-icon-box-description\">\n\t\t\t\t\t\tNous sommes fiers de notre engagement envers l'excellence et la satisfaction des clients. Notre \u00e9quipe d\u00e9vou\u00e9e travaille sans rel\u00e2che pour s'assurer que nos produits r\u00e9pondent aux plus hautes attentes.\t\t\t\t\t<\/p>\n\t\t\t\t\n\t\t\t<\/div>\n\t\t\t\n\t\t<\/div>\n\t\t\t\t<\/div>\n\t\t\t\t<\/div>\n\t\t\t\t\t<\/div>\n\t\t<\/div>\n\t\t\t\t<div class=\"elementor-column elementor-col-33 elementor-top-column elementor-element elementor-element-a9fc4ef\" data-id=\"a9fc4ef\" data-element_type=\"column\">\n\t\t\t<div class=\"elementor-widget-wrap elementor-element-populated\">\n\t\t\t\t\t\t<div class=\"elementor-element elementor-element-02e883a elementor-view-stacked elementor-shape-circle elementor-position-top elementor-mobile-position-top elementor-widget elementor-widget-icon-box\" data-id=\"02e883a\" data-element_type=\"widget\" data-widget_type=\"icon-box.default\">\n\t\t\t\t<div class=\"elementor-widget-container\">\n\t\t\t\t\t<div class=\"elementor-icon-box-wrapper\">\n\n\t\t\t\t\t\t<div class=\"elementor-icon-box-icon\">\n\t\t\t\t<span  class=\"elementor-icon elementor-animation-\">\n\t\t\t\t<i aria-hidden=\"true\" class=\"tb-icon tb-icon-truck\"><\/i>\t\t\t\t<\/span>\n\t\t\t<\/div>\n\t\t\t\n\t\t\t\t\t\t<div class=\"elementor-icon-box-content\">\n\n\t\t\t\t\t\t\t\t\t<h3 class=\"elementor-icon-box-title\">\n\t\t\t\t\t\t<span  >\n\t\t\t\t\t\t\tLa logistique\t\t\t\t\t\t<\/span>\n\t\t\t\t\t<\/h3>\n\t\t\t\t\n\t\t\t\t\t\t\t\t\t<p class=\"elementor-icon-box-description\">\n\t\t\t\t\t\tNous nous appuyons sur un syst\u00e8me logistique int\u00e9gr\u00e9 et efficace pour garantir que nos produits parviennent \u00e0 nos clients dans les meilleures conditions et dans les d\u00e9lais impartis.\t\t\t\t\t<\/p>\n\t\t\t\t\n\t\t\t<\/div>\n\t\t\t\n\t\t<\/div>\n\t\t\t\t<\/div>\n\t\t\t\t<\/div>\n\t\t\t\t\t<\/div>\n\t\t<\/div>\n\t\t\t\t<div class=\"elementor-column elementor-col-33 elementor-top-column elementor-element elementor-element-f49a86b\" data-id=\"f49a86b\" data-element_type=\"column\">\n\t\t\t<div class=\"elementor-widget-wrap elementor-element-populated\">\n\t\t\t\t\t\t<div class=\"elementor-element elementor-element-204671a elementor-view-stacked elementor-shape-circle elementor-position-top elementor-mobile-position-top elementor-widget elementor-widget-icon-box\" data-id=\"204671a\" data-element_type=\"widget\" data-widget_type=\"icon-box.default\">\n\t\t\t\t<div class=\"elementor-widget-container\">\n\t\t\t\t\t<div class=\"elementor-icon-box-wrapper\">\n\n\t\t\t\t\t\t<div class=\"elementor-icon-box-icon\">\n\t\t\t\t<span  class=\"elementor-icon elementor-animation-\">\n\t\t\t\t<i aria-hidden=\"true\" class=\"sim-icon icon-diamond\"><\/i>\t\t\t\t<\/span>\n\t\t\t<\/div>\n\t\t\t\n\t\t\t\t\t\t<div class=\"elementor-icon-box-content\">\n\n\t\t\t\t\t\t\t\t\t<h3 class=\"elementor-icon-box-title\">\n\t\t\t\t\t\t<span  >\n\t\t\t\t\t\t\tLes valeurs\t\t\t\t\t\t<\/span>\n\t\t\t\t\t<\/h3>\n\t\t\t\t\n\t\t\t\t\t\t\t\t\t<p class=\"elementor-icon-box-description\">\n\t\t\t\t\t\tNos valeurs fondamentales reposent sur l'engagement envers la qualit\u00e9, l'innovation et l'int\u00e9grit\u00e9. Nous croyons que la construction de relations \u00e0 long terme repose sur la confiance et la transparence.\t\t\t\t\t<\/p>\n\t\t\t\t\n\t\t\t<\/div>\n\t\t\t\n\t\t<\/div>\n\t\t\t\t<\/div>\n\t\t\t\t<\/div>\n\t\t\t\t\t<\/div>\n\t\t<\/div>\n\t\t\t\t\t<\/div>\n\t\t<\/section>\n\t\t\t\t<\/div>\n\t\t","protected":false},"excerpt":{"rendered":"<p>Parce que les d\u00e9tails font la diff\u00e9rence, nous nous soucions de la qualit\u00e9. Depuis 2012, notre entreprise est n\u00e9e d&#8217;une vision claire et d&#8217;un objectif ambitieux : fournir des produits de nettoyage de haute qualit\u00e9 r\u00e9pondant aux besoins d&#8217;un march\u00e9 en constante croissance et \u00e9volution. Chez SOCI\u00c9T\u00c9 AL SHARQ AL MOUTAWASSIT pour l&#8217;importation de produits &hellip; <a href=\"https:\/\/www.mecgroup.ly\/fr\/qui-sommes-nous\/\" class=\"more-link\">Continue reading <span class=\"screen-reader-text\">Qui sommes-nous ?<\/span><\/a><\/p>\n","protected":false},"author":1,"featured_media":0,"parent":0,"menu_order":0,"comment_status":"closed","ping_status":"closed","template":"","meta":{"footnotes":""},"class_list":["post-27","page","type-page","status-publish","hentry"],"yoast_head":"<!-- This site is optimized with the Yoast SEO plugin v23.6 - https:\/\/yoast.com\/wordpress\/plugins\/seo\/ -->\n<title>AlSHARQ | Leader dans l&#039;importation de produits de nettoyage<\/title>\n<meta name=\"description\" content=\"AL SHARQ AL MOUTAWASSIT Company, un leader dans le domaine de l&#039;importation de produits de nettoyage en Libye. D\u00e9couvrez-nous d\u00e8s maintenant !\" \/>\n<meta name=\"robots\" content=\"index, follow, max-snippet:-1, max-image-preview:large, max-video-preview:-1\" \/>\n<link rel=\"canonical\" href=\"https:\/\/www.mecgroup.ly\/fr\/qui-sommes-nous\/\" \/>\n<meta property=\"og:locale\" content=\"fr_FR\" \/>\n<meta property=\"og:type\" content=\"article\" \/>\n<meta property=\"og:title\" content=\"AlSHARQ | Leader dans l&#039;importation de produits de nettoyage\" \/>\n<meta property=\"og:description\" content=\"AL SHARQ AL MOUTAWASSIT Company, un leader dans le domaine de l&#039;importation de produits de nettoyage en Libye. D\u00e9couvrez-nous d\u00e8s maintenant !\" \/>\n<meta property=\"og:url\" content=\"https:\/\/www.mecgroup.ly\/fr\/qui-sommes-nous\/\" \/>\n<meta property=\"og:site_name\" content=\"MEC Group\" \/>\n<meta property=\"article:modified_time\" content=\"2024-10-07T16:58:17+00:00\" \/>\n<meta property=\"og:image\" content=\"https:\/\/www.mecgroup.ly\/wp-content\/uploads\/2024\/09\/cleaning-buying-guide-img-1.jpg\" \/>\n<meta name=\"twitter:card\" content=\"summary_large_image\" \/>\n<meta name=\"twitter:label1\" content=\"Dur\u00e9e de lecture estim\u00e9e\" \/>\n\t<meta name=\"twitter:data1\" content=\"2 minutes\" \/>\n<script type=\"application\/ld+json\" class=\"yoast-schema-graph\">{\"@context\":\"https:\/\/schema.org\",\"@graph\":[{\"@type\":\"WebPage\",\"@id\":\"https:\/\/www.mecgroup.ly\/fr\/qui-sommes-nous\/\",\"url\":\"https:\/\/www.mecgroup.ly\/fr\/qui-sommes-nous\/\",\"name\":\"AlSHARQ | Leader dans l'importation de produits de nettoyage\",\"isPartOf\":{\"@id\":\"https:\/\/www.mecgroup.ly\/#website\"},\"primaryImageOfPage\":{\"@id\":\"https:\/\/www.mecgroup.ly\/fr\/qui-sommes-nous\/#primaryimage\"},\"image\":{\"@id\":\"https:\/\/www.mecgroup.ly\/fr\/qui-sommes-nous\/#primaryimage\"},\"thumbnailUrl\":\"https:\/\/www.mecgroup.ly\/wp-content\/uploads\/2024\/09\/cleaning-buying-guide-img-1.jpg\",\"datePublished\":\"2021-10-19T03:51:32+00:00\",\"dateModified\":\"2024-10-07T16:58:17+00:00\",\"description\":\"AL SHARQ AL MOUTAWASSIT Company, un leader dans le domaine de l'importation de produits de nettoyage en Libye. D\u00e9couvrez-nous d\u00e8s maintenant !\",\"breadcrumb\":{\"@id\":\"https:\/\/www.mecgroup.ly\/fr\/qui-sommes-nous\/#breadcrumb\"},\"inLanguage\":\"fr-FR\",\"potentialAction\":[{\"@type\":\"ReadAction\",\"target\":[\"https:\/\/www.mecgroup.ly\/fr\/qui-sommes-nous\/\"]}]},{\"@type\":\"ImageObject\",\"inLanguage\":\"fr-FR\",\"@id\":\"https:\/\/www.mecgroup.ly\/fr\/qui-sommes-nous\/#primaryimage\",\"url\":\"https:\/\/www.mecgroup.ly\/wp-content\/uploads\/2024\/09\/cleaning-buying-guide-img-1.jpg\",\"contentUrl\":\"https:\/\/www.mecgroup.ly\/wp-content\/uploads\/2024\/09\/cleaning-buying-guide-img-1.jpg\"},{\"@type\":\"BreadcrumbList\",\"@id\":\"https:\/\/www.mecgroup.ly\/fr\/qui-sommes-nous\/#breadcrumb\",\"itemListElement\":[{\"@type\":\"ListItem\",\"position\":1,\"name\":\"Accueil\",\"item\":\"https:\/\/www.mecgroup.ly\/fr\/\"},{\"@type\":\"ListItem\",\"position\":2,\"name\":\"Qui sommes-nous ?\"}]},{\"@type\":\"WebSite\",\"@id\":\"https:\/\/www.mecgroup.ly\/#website\",\"url\":\"https:\/\/www.mecgroup.ly\/\",\"name\":\"MEC Group\",\"description\":\"\u0627\u0633\u062a\u064a\u0631\u0627\u062f \u0645\u0648\u0627\u062f \u0627\u0644\u062a\u0646\u0638\u064a\u0641 \u0641\u064a \u0644\u064a\u0628\u064a\u0627\",\"potentialAction\":[{\"@type\":\"SearchAction\",\"target\":{\"@type\":\"EntryPoint\",\"urlTemplate\":\"https:\/\/www.mecgroup.ly\/?s={search_term_string}\"},\"query-input\":{\"@type\":\"PropertyValueSpecification\",\"valueRequired\":true,\"valueName\":\"search_term_string\"}}],\"inLanguage\":\"fr-FR\"}]}<\/script>\n<!-- \/ Yoast SEO plugin. -->","yoast_head_json":{"title":"AlSHARQ | Leader dans l'importation de produits de nettoyage","description":"AL SHARQ AL MOUTAWASSIT Company, un leader dans le domaine de l'importation de produits de nettoyage en Libye. D\u00e9couvrez-nous d\u00e8s maintenant !","robots":{"index":"index","follow":"follow","max-snippet":"max-snippet:-1","max-image-preview":"max-image-preview:large","max-video-preview":"max-video-preview:-1"},"canonical":"https:\/\/www.mecgroup.ly\/fr\/qui-sommes-nous\/","og_locale":"fr_FR","og_type":"article","og_title":"AlSHARQ | Leader dans l'importation de produits de nettoyage","og_description":"AL SHARQ AL MOUTAWASSIT Company, un leader dans le domaine de l'importation de produits de nettoyage en Libye. D\u00e9couvrez-nous d\u00e8s maintenant !","og_url":"https:\/\/www.mecgroup.ly\/fr\/qui-sommes-nous\/","og_site_name":"MEC Group","article_modified_time":"2024-10-07T16:58:17+00:00","og_image":[{"url":"https:\/\/www.mecgroup.ly\/wp-content\/uploads\/2024\/09\/cleaning-buying-guide-img-1.jpg"}],"twitter_card":"summary_large_image","twitter_misc":{"Dur\u00e9e de lecture estim\u00e9e":"2 minutes"},"schema":{"@context":"https:\/\/schema.org","@graph":[{"@type":"WebPage","@id":"https:\/\/www.mecgroup.ly\/fr\/qui-sommes-nous\/","url":"https:\/\/www.mecgroup.ly\/fr\/qui-sommes-nous\/","name":"AlSHARQ | Leader dans l'importation de produits de nettoyage","isPartOf":{"@id":"https:\/\/www.mecgroup.ly\/#website"},"primaryImageOfPage":{"@id":"https:\/\/www.mecgroup.ly\/fr\/qui-sommes-nous\/#primaryimage"},"image":{"@id":"https:\/\/www.mecgroup.ly\/fr\/qui-sommes-nous\/#primaryimage"},"thumbnailUrl":"https:\/\/www.mecgroup.ly\/wp-content\/uploads\/2024\/09\/cleaning-buying-guide-img-1.jpg","datePublished":"2021-10-19T03:51:32+00:00","dateModified":"2024-10-07T16:58:17+00:00","description":"AL SHARQ AL MOUTAWASSIT Company, un leader dans le domaine de l'importation de produits de nettoyage en Libye. D\u00e9couvrez-nous d\u00e8s maintenant !","breadcrumb":{"@id":"https:\/\/www.mecgroup.ly\/fr\/qui-sommes-nous\/#breadcrumb"},"inLanguage":"fr-FR","potentialAction":[{"@type":"ReadAction","target":["https:\/\/www.mecgroup.ly\/fr\/qui-sommes-nous\/"]}]},{"@type":"ImageObject","inLanguage":"fr-FR","@id":"https:\/\/www.mecgroup.ly\/fr\/qui-sommes-nous\/#primaryimage","url":"https:\/\/www.mecgroup.ly\/wp-content\/uploads\/2024\/09\/cleaning-buying-guide-img-1.jpg","contentUrl":"https:\/\/www.mecgroup.ly\/wp-content\/uploads\/2024\/09\/cleaning-buying-guide-img-1.jpg"},{"@type":"BreadcrumbList","@id":"https:\/\/www.mecgroup.ly\/fr\/qui-sommes-nous\/#breadcrumb","itemListElement":[{"@type":"ListItem","position":1,"name":"Accueil","item":"https:\/\/www.mecgroup.ly\/fr\/"},{"@type":"ListItem","position":2,"name":"Qui sommes-nous ?"}]},{"@type":"WebSite","@id":"https:\/\/www.mecgroup.ly\/#website","url":"https:\/\/www.mecgroup.ly\/","name":"MEC Group","description":"\u0627\u0633\u062a\u064a\u0631\u0627\u062f \u0645\u0648\u0627\u062f \u0627\u0644\u062a\u0646\u0638\u064a\u0641 \u0641\u064a \u0644\u064a\u0628\u064a\u0627","potentialAction":[{"@type":"SearchAction","target":{"@type":"EntryPoint","urlTemplate":"https:\/\/www.mecgroup.ly\/?s={search_term_string}"},"query-input":{"@type":"PropertyValueSpecification","valueRequired":true,"valueName":"search_term_string"}}],"inLanguage":"fr-FR"}]}},"_links":{"self":[{"href":"https:\/\/www.mecgroup.ly\/fr\/wp-json\/wp\/v2\/pages\/27","targetHints":{"allow":["GET"]}}],"collection":[{"href":"https:\/\/www.mecgroup.ly\/fr\/wp-json\/wp\/v2\/pages"}],"about":[{"href":"https:\/\/www.mecgroup.ly\/fr\/wp-json\/wp\/v2\/types\/page"}],"author":[{"embeddable":true,"href":"https:\/\/www.mecgroup.ly\/fr\/wp-json\/wp\/v2\/users\/1"}],"replies":[{"embeddable":true,"href":"https:\/\/www.mecgroup.ly\/fr\/wp-json\/wp\/v2\/comments?post=27"}],"version-history":[{"count":11,"href":"https:\/\/www.mecgroup.ly\/fr\/wp-json\/wp\/v2\/pages\/27\/revisions"}],"predecessor-version":[{"id":8818,"href":"https:\/\/www.mecgroup.ly\/fr\/wp-json\/wp\/v2\/pages\/27\/revisions\/8818"}],"wp:attachment":[{"href":"https:\/\/www.mecgroup.ly\/fr\/wp-json\/wp\/v2\/media?parent=27"}],"curies":[{"name":"wp","href":"https:\/\/api.w.org\/{rel}","templated":true}]}}